{"id":1752,"date":"2024-05-23T08:37:35","date_gmt":"2024-05-23T08:37:35","guid":{"rendered":"https:\/\/new.hotelolymp.gr\/restorant\/"},"modified":"2024-05-31T13:21:30","modified_gmt":"2024-05-31T13:21:30","slug":"restorant","status":"publish","type":"page","link":"https:\/\/hotelolymp.gr\/sq\/restorant\/","title":{"rendered":"Restorant"},"content":{"rendered":"\t\t<div data-elementor-type=\"wp-page\" data-elementor-id=\"1752\" class=\"elementor elementor-1752 elementor-22\" data-elementor-post-type=\"page\">\n\t\t\t\t\t\t<section class=\"elementor-section elementor-top-section elementor-element elementor-element-141b552 elementor-section-height-min-height elementor-section-full_width elementor-section-height-default elementor-section-items-middle\" data-id=\"141b552\" data-element_type=\"section\" data-settings=\"{&quot;background_background&quot;:&quot;classic&quot;}\">\n\t\t\t\t\t\t<div class=\"elementor-container elementor-column-gap-default\">\n\t\t\t\t\t<div class=\"elementor-column elementor-col-100 elementor-top-column elementor-element elementor-element-078d7e1\" data-id=\"078d7e1\" data-element_type=\"column\">\n\t\t\t<div class=\"elementor-widget-wrap elementor-element-populated\">\n\t\t\t\t\t\t\t<\/div>\n\t\t<\/div>\n\t\t\t\t\t<\/div>\n\t\t<\/section>\n\t\t\t\t<section class=\"elementor-section elementor-top-section elementor-element elementor-element-dde830d elementor-section-full_width elementor-reverse-tablet elementor-section-height-default elementor-section-height-default\" data-id=\"dde830d\" data-element_type=\"section\" data-settings=\"{&quot;background_background&quot;:&quot;gradient&quot;}\">\n\t\t\t\t\t\t<div class=\"elementor-container elementor-column-gap-default\">\n\t\t\t\t\t<div class=\"elementor-column elementor-col-50 elementor-top-column elementor-element elementor-element-f15894b\" data-id=\"f15894b\" data-element_type=\"column\">\n\t\t\t<div class=\"elementor-widget-wrap elementor-element-populated\">\n\t\t\t\t\t\t<div class=\"elementor-element elementor-element-a5d69a2 elementor-widget elementor-widget-image\" data-id=\"a5d69a2\" data-element_type=\"widget\" data-widget_type=\"image.default\">\n\t\t\t\t<div class=\"elementor-widget-container\">\n\t\t\t<style>\/*! elementor - v3.21.0 - 26-05-2024 *\/\n.elementor-widget-image{text-align:center}.elementor-widget-image a{display:inline-block}.elementor-widget-image a img[src$=\".svg\"]{width:48px}.elementor-widget-image img{vertical-align:middle;display:inline-block}<\/style>\t\t\t\t\t\t\t\t\t\t<img fetchpriority=\"high\" decoding=\"async\" width=\"520\" height=\"300\" src=\"https:\/\/hotelolymp.gr\/wp-content\/uploads\/2024\/05\/healthy-breakfast.jpg\" class=\"attachment-full size-full wp-image-146\" alt=\"\" srcset=\"https:\/\/hotelolymp.gr\/wp-content\/uploads\/2024\/05\/healthy-breakfast.jpg 520w, https:\/\/hotelolymp.gr\/wp-content\/uploads\/2024\/05\/healthy-breakfast-300x173.jpg 300w\" sizes=\"(max-width: 520px) 100vw, 520px\" \/>\t\t\t\t\t\t\t\t\t\t\t\t\t<\/div>\n\t\t\t\t<\/div>\n\t\t\t\t\t<\/div>\n\t\t<\/div>\n\t\t\t\t<div class=\"elementor-column elementor-col-50 elementor-top-column elementor-element elementor-element-1957069\" data-id=\"1957069\" data-element_type=\"column\">\n\t\t\t<div class=\"elementor-widget-wrap elementor-element-populated\">\n\t\t\t\t\t\t<div class=\"elementor-element elementor-element-6ba403c elementor-widget elementor-widget-heading\" data-id=\"6ba403c\" data-element_type=\"widget\" data-widget_type=\"heading.default\">\n\t\t\t\t<div class=\"elementor-widget-container\">\n\t\t\t<style>\/*! elementor - v3.21.0 - 26-05-2024 *\/\n.elementor-heading-title{padding:0;margin:0;line-height:1}.elementor-widget-heading .elementor-heading-title[class*=elementor-size-]>a{color:inherit;font-size:inherit;line-height:inherit}.elementor-widget-heading .elementor-heading-title.elementor-size-small{font-size:15px}.elementor-widget-heading .elementor-heading-title.elementor-size-medium{font-size:19px}.elementor-widget-heading .elementor-heading-title.elementor-size-large{font-size:29px}.elementor-widget-heading .elementor-heading-title.elementor-size-xl{font-size:39px}.elementor-widget-heading .elementor-heading-title.elementor-size-xxl{font-size:59px}<\/style><h2 class=\"elementor-heading-title elementor-size-default\">M\u00ebngjesi<\/h2>\t\t<\/div>\n\t\t\t\t<\/div>\n\t\t\t\t<div class=\"elementor-element elementor-element-46d6077 elementor-widget elementor-widget-text-editor\" data-id=\"46d6077\" data-element_type=\"widget\" data-widget_type=\"text-editor.default\">\n\t\t\t\t<div class=\"elementor-widget-container\">\n\t\t\t<style>\/*! elementor - v3.21.0 - 26-05-2024 *\/\n.elementor-widget-text-editor.elementor-drop-cap-view-stacked .elementor-drop-cap{background-color:#69727d;color:#fff}.elementor-widget-text-editor.elementor-drop-cap-view-framed .elementor-drop-cap{color:#69727d;border:3px solid;background-color:transparent}.elementor-widget-text-editor:not(.elementor-drop-cap-view-default) .elementor-drop-cap{margin-top:8px}.elementor-widget-text-editor:not(.elementor-drop-cap-view-default) .elementor-drop-cap-letter{width:1em;height:1em}.elementor-widget-text-editor .elementor-drop-cap{float:left;text-align:center;line-height:1;font-size:50px}.elementor-widget-text-editor .elementor-drop-cap-letter{display:inline-block}<\/style>\t\t\t\t<p>Dita n\u00eb Hotel Olympic fillon me nj\u00eb m\u00ebngjes t\u00eb certifikuar nga ora 7:30 deri n\u00eb 10:30 n\u00eb zon\u00ebn m\u00eb t\u00eb k\u00ebndshme t\u00eb hotelit. Ju do t\u00eb gjeni veten p\u00ebrball\u00eb nj\u00eb bufeje t\u00eb pasur, e cila p\u00ebrb\u00ebhet nga gatime t\u00eb ndryshme lokale me respekt p\u00ebr tradit\u00ebn dhe me sh\u00ebrbim t\u00eb pat\u00ebmet\u00eb. Stafi yn\u00eb i shk\u00eblqyer do t\u00eb jet\u00eb aty p\u00ebr t\u00eb p\u00ebrmbushur d\u00ebshirat tuaja t\u00eb shijes gjithmon\u00eb me garancin\u00eb e cil\u00ebsis\u00eb s\u00eb p\u00ebrb\u00ebr\u00ebsve. Artikujt e m\u00ebngjesit ofrohen gjithashtu me sh\u00ebrbim n\u00eb dhom\u00eb 24 or\u00eb. Ne jemi gjithmon\u00eb aty me nj\u00eb buz\u00ebqeshje dhe respekt p\u00ebr klientin. Shijoni pamjen e qytetit nd\u00ebrsa hani m\u00ebngjesin tuaj.<\/p>\n\t\t\t\t\t\t<\/div>\n\t\t\t\t<\/div>\n\t\t\t\t\t<\/div>\n\t\t<\/div>\n\t\t\t\t\t<\/div>\n\t\t<\/section>\n\t\t\t\t<section class=\"elementor-section elementor-top-section elementor-element elementor-element-2297219 elementor-section-full_width elementor-hidden-mobile elementor-section-height-default elementor-section-height-default\" data-id=\"2297219\" data-element_type=\"section\" data-settings=\"{&quot;background_background&quot;:&quot;gradient&quot;}\">\n\t\t\t\t\t\t<div class=\"elementor-container elementor-column-gap-default\">\n\t\t\t\t\t<div class=\"elementor-column elementor-col-50 elementor-top-column elementor-element elementor-element-76ba0c5\" data-id=\"76ba0c5\" data-element_type=\"column\">\n\t\t\t<div class=\"elementor-widget-wrap elementor-element-populated\">\n\t\t\t\t\t\t<div class=\"elementor-element elementor-element-1cbbeae elementor-widget elementor-widget-heading\" data-id=\"1cbbeae\" data-element_type=\"widget\" data-widget_type=\"heading.default\">\n\t\t\t\t<div class=\"elementor-widget-container\">\n\t\t\t<h2 class=\"elementor-heading-title elementor-size-default\">Dreka<\/h2>\t\t<\/div>\n\t\t\t\t<\/div>\n\t\t\t\t<div class=\"elementor-element elementor-element-d077d37 elementor-widget elementor-widget-text-editor\" data-id=\"d077d37\" data-element_type=\"widget\" data-widget_type=\"text-editor.default\">\n\t\t\t\t<div class=\"elementor-widget-container\">\n\t\t\t\t\t\t\t<p>Dreka \u00ebsht\u00eb vakti i dyt\u00eb m\u00eb i r\u00ebnd\u00ebsish\u00ebm i dit\u00ebs dhe ne sigurohemi q\u00eb t\u00eb ofrojm\u00eb shijet m\u00eb t\u00eb mira n\u00eb pjatat tuaja.<br \/>Nga ora 12:00 deri n\u00eb or\u00ebn 15:00 zhvillohet kuzhina greke dhe nd\u00ebrkomb\u00ebtare me gatimet m\u00eb t\u00eb shijshme dhe t\u00eb k\u00ebndshme. T\u00eb gjith\u00eb artikujt p\u00ebrgatiten nga prodhues dhe furnitor\u00eb t\u00eb p\u00ebrzgjedhur q\u00eb mbajn\u00eb pozicionin e par\u00eb. Kuzhina p\u00ebrmban produkte t\u00eb prodhuara nga Epirus, duke p\u00ebrdorur gjithmon\u00eb si kriter cil\u00ebsin\u00eb. N\u00eb zon\u00ebn e Plazas mbizot\u00ebron druri i ngroht\u00eb i arr\u00ebs, oniksi dhe graniti, nd\u00ebrsa syrin magjepsin xhamat shum\u00ebngjyr\u00ebshe, dritaret e m\u00ebdha dhe fibrat optike, t\u00eb shtrira si kadife n\u00eb dysheme dhe tavan. Sediljet e rehatshme prej l\u00ebkure dhe shfletimi i revistave do t&#8217;ju \u00e7ojn\u00eb n\u00eb nj\u00eb epok\u00eb tjet\u00ebr dhe do t\u00eb relaksoheni duke shijuar kafen q\u00eb keni zgjedhur dhe duke d\u00ebgjuar muzik\u00ebn q\u00eb preferoni.<\/p>\n\t\t\t\t\t\t<\/div>\n\t\t\t\t<\/div>\n\t\t\t\t\t<\/div>\n\t\t<\/div>\n\t\t\t\t<div class=\"elementor-column elementor-col-50 elementor-top-column elementor-element elementor-element-4304239\" data-id=\"4304239\" data-element_type=\"column\">\n\t\t\t<div class=\"elementor-widget-wrap elementor-element-populated\">\n\t\t\t\t\t\t<div class=\"elementor-element elementor-element-1e7114f elementor-widget elementor-widget-image\" data-id=\"1e7114f\" data-element_type=\"widget\" data-widget_type=\"image.default\">\n\t\t\t\t<div class=\"elementor-widget-container\">\n\t\t\t\t\t\t\t\t\t\t\t\t\t<img decoding=\"async\" width=\"628\" height=\"363\" src=\"https:\/\/hotelolymp.gr\/wp-content\/uploads\/2024\/05\/hotel-olympic-lunch.jpg\" class=\"attachment-full size-full wp-image-147\" alt=\"\" srcset=\"https:\/\/hotelolymp.gr\/wp-content\/uploads\/2024\/05\/hotel-olympic-lunch.jpg 628w, https:\/\/hotelolymp.gr\/wp-content\/uploads\/2024\/05\/hotel-olympic-lunch-300x173.jpg 300w\" sizes=\"(max-width: 628px) 100vw, 628px\" \/>\t\t\t\t\t\t\t\t\t\t\t\t\t<\/div>\n\t\t\t\t<\/div>\n\t\t\t\t\t<\/div>\n\t\t<\/div>\n\t\t\t\t\t<\/div>\n\t\t<\/section>\n\t\t\t\t<section class=\"elementor-section elementor-top-section elementor-element elementor-element-eed8c16 elementor-section-full_width elementor-hidden-desktop elementor-hidden-tablet elementor-section-height-default elementor-section-height-default\" data-id=\"eed8c16\" data-element_type=\"section\" data-settings=\"{&quot;background_background&quot;:&quot;gradient&quot;}\">\n\t\t\t\t\t\t<div class=\"elementor-container elementor-column-gap-default\">\n\t\t\t\t\t<div class=\"elementor-column elementor-col-50 elementor-top-column elementor-element elementor-element-ea28b04\" data-id=\"ea28b04\" data-element_type=\"column\">\n\t\t\t<div class=\"elementor-widget-wrap elementor-element-populated\">\n\t\t\t\t\t\t<div class=\"elementor-element elementor-element-83557ad elementor-widget elementor-widget-image\" data-id=\"83557ad\" data-element_type=\"widget\" data-widget_type=\"image.default\">\n\t\t\t\t<div class=\"elementor-widget-container\">\n\t\t\t\t\t\t\t\t\t\t\t\t\t<img decoding=\"async\" width=\"628\" height=\"363\" src=\"https:\/\/hotelolymp.gr\/wp-content\/uploads\/2024\/05\/hotel-olympic-lunch.jpg\" class=\"attachment-full size-full wp-image-147\" alt=\"\" srcset=\"https:\/\/hotelolymp.gr\/wp-content\/uploads\/2024\/05\/hotel-olympic-lunch.jpg 628w, https:\/\/hotelolymp.gr\/wp-content\/uploads\/2024\/05\/hotel-olympic-lunch-300x173.jpg 300w\" sizes=\"(max-width: 628px) 100vw, 628px\" \/>\t\t\t\t\t\t\t\t\t\t\t\t\t<\/div>\n\t\t\t\t<\/div>\n\t\t\t\t\t<\/div>\n\t\t<\/div>\n\t\t\t\t<div class=\"elementor-column elementor-col-50 elementor-top-column elementor-element elementor-element-46b0366\" data-id=\"46b0366\" data-element_type=\"column\">\n\t\t\t<div class=\"elementor-widget-wrap elementor-element-populated\">\n\t\t\t\t\t\t<div class=\"elementor-element elementor-element-cff982c elementor-widget elementor-widget-heading\" data-id=\"cff982c\" data-element_type=\"widget\" data-widget_type=\"heading.default\">\n\t\t\t\t<div class=\"elementor-widget-container\">\n\t\t\t<h2 class=\"elementor-heading-title elementor-size-default\">Dreka<\/h2>\t\t<\/div>\n\t\t\t\t<\/div>\n\t\t\t\t<div class=\"elementor-element elementor-element-04a0c51 elementor-widget elementor-widget-text-editor\" data-id=\"04a0c51\" data-element_type=\"widget\" data-widget_type=\"text-editor.default\">\n\t\t\t\t<div class=\"elementor-widget-container\">\n\t\t\t\t\t\t\t<p>Dreka \u00ebsht\u00eb vakti i dyt\u00eb m\u00eb i r\u00ebnd\u00ebsish\u00ebm i dit\u00ebs dhe ne sigurohemi q\u00eb t\u00eb ofrojm\u00eb shijet m\u00eb t\u00eb mira n\u00eb pjatat tuaja.<br \/>Nga ora 12:00 deri n\u00eb or\u00ebn 15:00 zhvillohet kuzhina greke dhe nd\u00ebrkomb\u00ebtare me gatimet m\u00eb t\u00eb shijshme dhe t\u00eb k\u00ebndshme. T\u00eb gjith\u00eb artikujt p\u00ebrgatiten nga prodhues dhe furnitor\u00eb t\u00eb p\u00ebrzgjedhur q\u00eb mbajn\u00eb pozicionin e par\u00eb. Kuzhina p\u00ebrmban produkte t\u00eb prodhuara nga Epirus, duke p\u00ebrdorur gjithmon\u00eb si kriter cil\u00ebsin\u00eb. N\u00eb zon\u00ebn e Plazas mbizot\u00ebron druri i ngroht\u00eb i arr\u00ebs, oniksi dhe graniti, nd\u00ebrsa syrin magjepsin xhamat shum\u00ebngjyr\u00ebshe, dritaret e m\u00ebdha dhe fibrat optike, t\u00eb shtrira si kadife n\u00eb dysheme dhe tavan. Sediljet e rehatshme prej l\u00ebkure dhe shfletimi i revistave do t&#8217;ju \u00e7ojn\u00eb n\u00eb nj\u00eb epok\u00eb tjet\u00ebr dhe do t\u00eb relaksoheni duke shijuar kafen q\u00eb keni zgjedhur dhe duke d\u00ebgjuar muzik\u00ebn q\u00eb preferoni.<\/p>\n\t\t\t\t\t\t<\/div>\n\t\t\t\t<\/div>\n\t\t\t\t\t<\/div>\n\t\t<\/div>\n\t\t\t\t\t<\/div>\n\t\t<\/section>\n\t\t\t\t<section class=\"elementor-section elementor-top-section elementor-element elementor-element-16fdd36 elementor-section-full_width elementor-reverse-tablet elementor-section-height-default elementor-section-height-default\" data-id=\"16fdd36\" data-element_type=\"section\" data-settings=\"{&quot;background_background&quot;:&quot;gradient&quot;}\">\n\t\t\t\t\t\t<div class=\"elementor-container elementor-column-gap-default\">\n\t\t\t\t\t<div class=\"elementor-column elementor-col-50 elementor-top-column elementor-element elementor-element-17e98b2\" data-id=\"17e98b2\" data-element_type=\"column\">\n\t\t\t<div class=\"elementor-widget-wrap elementor-element-populated\">\n\t\t\t\t\t\t<div class=\"elementor-element elementor-element-50cae4a elementor-widget elementor-widget-image\" data-id=\"50cae4a\" data-element_type=\"widget\" data-widget_type=\"image.default\">\n\t\t\t\t<div class=\"elementor-widget-container\">\n\t\t\t\t\t\t\t\t\t\t\t\t\t<img decoding=\"async\" width=\"500\" height=\"313\" src=\"https:\/\/hotelolymp.gr\/wp-content\/uploads\/2024\/05\/hotel-olympic-vradino.jpg\" class=\"attachment-full size-full wp-image-148\" alt=\"\" srcset=\"https:\/\/hotelolymp.gr\/wp-content\/uploads\/2024\/05\/hotel-olympic-vradino.jpg 500w, https:\/\/hotelolymp.gr\/wp-content\/uploads\/2024\/05\/hotel-olympic-vradino-300x188.jpg 300w\" sizes=\"(max-width: 500px) 100vw, 500px\" \/>\t\t\t\t\t\t\t\t\t\t\t\t\t<\/div>\n\t\t\t\t<\/div>\n\t\t\t\t\t<\/div>\n\t\t<\/div>\n\t\t\t\t<div class=\"elementor-column elementor-col-50 elementor-top-column elementor-element elementor-element-fff6897\" data-id=\"fff6897\" data-element_type=\"column\" data-settings=\"{&quot;background_background&quot;:&quot;gradient&quot;}\">\n\t\t\t<div class=\"elementor-widget-wrap elementor-element-populated\">\n\t\t\t\t\t\t<div class=\"elementor-element elementor-element-f2328eb elementor-widget elementor-widget-heading\" data-id=\"f2328eb\" data-element_type=\"widget\" data-widget_type=\"heading.default\">\n\t\t\t\t<div class=\"elementor-widget-container\">\n\t\t\t<h2 class=\"elementor-heading-title elementor-size-default\">Darka<\/h2>\t\t<\/div>\n\t\t\t\t<\/div>\n\t\t\t\t<div class=\"elementor-element elementor-element-169b643 elementor-widget elementor-widget-text-editor\" data-id=\"169b643\" data-element_type=\"widget\" data-widget_type=\"text-editor.default\">\n\t\t\t\t<div class=\"elementor-widget-container\">\n\t\t\t\t\t\t\t<p>Po aq e r\u00ebnd\u00ebsishme \u00ebsht\u00eb edhe ofrimi i dark\u00ebs nga ora 19:00 deri n\u00eb 00:30. Ne respektojm\u00eb d\u00ebshirat e klient\u00ebve tan\u00eb dhe p\u00ebr k\u00ebt\u00eb arsye ofrojm\u00eb nj\u00eb dark\u00eb t\u00eb pasur me shije dhe tundime t\u00eb \u00ebmbla. Piano Bar Restaurant Plaza ju mir\u00ebpret p\u00ebr t&#8217;ju \u00e7uar n\u00eb nj\u00eb turne kulinarie n\u00eb brigjet e bukura t\u00eb Mesdheut. Do t\u00eb magjepseni nga tradita e Greqis\u00eb s\u00eb mrekullueshme, imagjinata e Italis\u00eb, krijimtaria e Franc\u00ebs, aroma e Spanj\u00ebs dhe ngjyra e Portugalis\u00eb. P\u00ebrve\u00e7 k\u00ebsaj, atmosfera v\u00ebrshohet nga ngroht\u00ebsia e muzik\u00ebs s\u00eb pianos. M\u00eb n\u00eb fund, fotografia plot\u00ebsohet me nj\u00eb list\u00eb t\u00eb gjer\u00eb ver\u00ebrash nga e gjith\u00eb bota, si dhe nj\u00eb koleksion t\u00eb madh uiskish malt dhe puro.<\/p>\n\t\t\t\t\t\t<\/div>\n\t\t\t\t<\/div>\n\t\t\t\t\t<\/div>\n\t\t<\/div>\n\t\t\t\t\t<\/div>\n\t\t<\/section>\n\t\t\t\t<section class=\"elementor-section elementor-top-section elementor-element elementor-element-a76bcba elementor-section-height-min-height elementor-section-boxed elementor-section-height-default elementor-section-items-middle\" data-id=\"a76bcba\" data-element_type=\"section\">\n\t\t\t\t\t\t<div class=\"elementor-container elementor-column-gap-default\">\n\t\t\t\t\t<div class=\"elementor-column elementor-col-100 elementor-top-column elementor-element elementor-element-52f1b84\" data-id=\"52f1b84\" data-element_type=\"column\">\n\t\t\t<div class=\"elementor-widget-wrap elementor-element-populated\">\n\t\t\t\t\t\t<div class=\"elementor-element elementor-element-7a86746 elementor-align-center elementor-widget elementor-widget-button\" data-id=\"7a86746\" data-element_type=\"widget\" data-widget_type=\"button.default\">\n\t\t\t\t<div class=\"elementor-widget-container\">\n\t\t\t\t\t<div class=\"elementor-button-wrapper\">\n\t\t\t<a class=\"elementor-button elementor-button-link elementor-size-sm\" href=\"https:\/\/hotelolymp.gr\/sq\/akomodimi\/#domatia\">\n\t\t\t\t\t\t<span class=\"elementor-button-content-wrapper\">\n\t\t\t\t\t\t\t\t\t<span class=\"elementor-button-text\">Shikoni dhomat<\/span>\n\t\t\t\t\t<\/span>\n\t\t\t\t\t<\/a>\n\t\t<\/div>\n\t\t\t\t<\/div>\n\t\t\t\t<\/div>\n\t\t\t\t\t<\/div>\n\t\t<\/div>\n\t\t\t\t\t<\/div>\n\t\t<\/section>\n\t\t\t\t<\/div>\n\t\t","protected":false},"excerpt":{"rendered":"<p>M\u00ebngjesi Dita n\u00eb Hotel Olympic fillon me nj\u00eb m\u00ebngjes t\u00eb certifikuar nga ora 7:30 deri n\u00eb 10:30 n\u00eb zon\u00ebn m\u00eb t\u00eb k\u00ebndshme t\u00eb hotelit. Ju do t\u00eb gjeni veten p\u00ebrball\u00eb nj\u00eb bufeje t\u00eb pasur, e cila p\u00ebrb\u00ebhet nga gatime t\u00eb ndryshme lokale me respekt p\u00ebr tradit\u00ebn dhe me sh\u00ebrbim t\u00eb pat\u00ebmet\u00eb. Stafi yn\u00eb i shk\u00eblqyer [&hellip;]<\/p>\n","protected":false},"author":1,"featured_media":0,"parent":0,"menu_order":0,"comment_status":"closed","ping_status":"closed","template":"","meta":{"footnotes":""},"class_list":["post-1752","page","type-page","status-publish","hentry"],"_links":{"self":[{"href":"https:\/\/hotelolymp.gr\/sq\/wp-json\/wp\/v2\/pages\/1752","targetHints":{"allow":["GET"]}}],"collection":[{"href":"https:\/\/hotelolymp.gr\/sq\/wp-json\/wp\/v2\/pages"}],"about":[{"href":"https:\/\/hotelolymp.gr\/sq\/wp-json\/wp\/v2\/types\/page"}],"author":[{"embeddable":true,"href":"https:\/\/hotelolymp.gr\/sq\/wp-json\/wp\/v2\/users\/1"}],"replies":[{"embeddable":true,"href":"https:\/\/hotelolymp.gr\/sq\/wp-json\/wp\/v2\/comments?post=1752"}],"version-history":[{"count":1,"href":"https:\/\/hotelolymp.gr\/sq\/wp-json\/wp\/v2\/pages\/1752\/revisions"}],"predecessor-version":[{"id":1753,"href":"https:\/\/hotelolymp.gr\/sq\/wp-json\/wp\/v2\/pages\/1752\/revisions\/1753"}],"wp:attachment":[{"href":"https:\/\/hotelolymp.gr\/sq\/wp-json\/wp\/v2\/media?parent=1752"}],"curies":[{"name":"wp","href":"https:\/\/api.w.org\/{rel}","templated":true}]}}