{"id":1748,"date":"2024-05-23T08:38:24","date_gmt":"2024-05-23T08:38:24","guid":{"rendered":"https:\/\/new.hotelolymp.gr\/oferta\/"},"modified":"2024-06-17T10:45:28","modified_gmt":"2024-06-17T10:45:28","slug":"oferta","status":"publish","type":"page","link":"https:\/\/hotelolymp.gr\/sq\/oferta\/","title":{"rendered":"Oferta"},"content":{"rendered":"\t\t<div data-elementor-type=\"wp-page\" data-elementor-id=\"1748\" class=\"elementor elementor-1748 elementor-28\" data-elementor-post-type=\"page\">\n\t\t\t\t\t\t<section class=\"elementor-section elementor-top-section elementor-element elementor-element-a45ac4c elementor-section-height-min-height elementor-section-full_width elementor-section-height-default elementor-section-items-middle\" data-id=\"a45ac4c\" data-element_type=\"section\" data-settings=\"{&quot;background_background&quot;:&quot;classic&quot;}\">\n\t\t\t\t\t\t<div class=\"elementor-container elementor-column-gap-default\">\n\t\t\t\t\t<div class=\"elementor-column elementor-col-100 elementor-top-column elementor-element elementor-element-8afe1a0\" data-id=\"8afe1a0\" data-element_type=\"column\">\n\t\t\t<div class=\"elementor-widget-wrap elementor-element-populated\">\n\t\t\t\t\t\t\t<\/div>\n\t\t<\/div>\n\t\t\t\t\t<\/div>\n\t\t<\/section>\n\t\t\t\t<section class=\"elementor-section elementor-top-section elementor-element elementor-element-da6ba8a elementor-section-boxed elementor-section-height-default elementor-section-height-default\" data-id=\"da6ba8a\" data-element_type=\"section\">\n\t\t\t\t\t\t<div class=\"elementor-container elementor-column-gap-default\">\n\t\t\t\t\t<div class=\"elementor-column elementor-col-100 elementor-top-column elementor-element elementor-element-0bc2d14\" data-id=\"0bc2d14\" data-element_type=\"column\">\n\t\t\t<div class=\"elementor-widget-wrap elementor-element-populated\">\n\t\t\t\t\t\t<div class=\"elementor-element elementor-element-aab2099 elementor-widget elementor-widget-heading\" data-id=\"aab2099\" data-element_type=\"widget\" data-widget_type=\"heading.default\">\n\t\t\t\t<div class=\"elementor-widget-container\">\n\t\t\t<style>\/*! elementor - v3.21.0 - 26-05-2024 *\/\n.elementor-heading-title{padding:0;margin:0;line-height:1}.elementor-widget-heading .elementor-heading-title[class*=elementor-size-]>a{color:inherit;font-size:inherit;line-height:inherit}.elementor-widget-heading .elementor-heading-title.elementor-size-small{font-size:15px}.elementor-widget-heading .elementor-heading-title.elementor-size-medium{font-size:19px}.elementor-widget-heading .elementor-heading-title.elementor-size-large{font-size:29px}.elementor-widget-heading .elementor-heading-title.elementor-size-xl{font-size:39px}.elementor-widget-heading .elementor-heading-title.elementor-size-xxl{font-size:59px}<\/style><h2 class=\"elementor-heading-title elementor-size-default\">N\u00eb Hotel Olympic krijojm\u00eb kushtet dhe ofertat m\u00eb t\u00eb miraoferta speciale p\u00ebr profesionist\u00ebt.<\/h2>\t\t<\/div>\n\t\t\t\t<\/div>\n\t\t\t\t\t<\/div>\n\t\t<\/div>\n\t\t\t\t\t<\/div>\n\t\t<\/section>\n\t\t\t\t<section class=\"elementor-section elementor-top-section elementor-element elementor-element-59c879e elementor-section-boxed elementor-section-height-default elementor-section-height-default\" data-id=\"59c879e\" data-element_type=\"section\">\n\t\t\t\t\t\t<div class=\"elementor-container elementor-column-gap-default\">\n\t\t\t\t\t<div class=\"elementor-column elementor-col-50 elementor-top-column elementor-element elementor-element-fc14b3f\" data-id=\"fc14b3f\" data-element_type=\"column\">\n\t\t\t<div class=\"elementor-widget-wrap elementor-element-populated\">\n\t\t\t\t\t\t<div class=\"elementor-element elementor-element-50226e1 elementor-widget elementor-widget-image\" data-id=\"50226e1\" data-element_type=\"widget\" data-widget_type=\"image.default\">\n\t\t\t\t<div class=\"elementor-widget-container\">\n\t\t\t<style>\/*! elementor - v3.21.0 - 26-05-2024 *\/\n.elementor-widget-image{text-align:center}.elementor-widget-image a{display:inline-block}.elementor-widget-image a img[src$=\".svg\"]{width:48px}.elementor-widget-image img{vertical-align:middle;display:inline-block}<\/style>\t\t\t\t\t\t\t\t\t\t<img fetchpriority=\"high\" decoding=\"async\" width=\"450\" height=\"300\" src=\"https:\/\/hotelolymp.gr\/wp-content\/uploads\/2024\/05\/meeting-events-home-1.jpg\" class=\"attachment-large size-large wp-image-256\" alt=\"\" srcset=\"https:\/\/hotelolymp.gr\/wp-content\/uploads\/2024\/05\/meeting-events-home-1.jpg 450w, https:\/\/hotelolymp.gr\/wp-content\/uploads\/2024\/05\/meeting-events-home-1-300x200.jpg 300w\" sizes=\"(max-width: 450px) 100vw, 450px\" \/>\t\t\t\t\t\t\t\t\t\t\t\t\t<\/div>\n\t\t\t\t<\/div>\n\t\t\t\t\t<\/div>\n\t\t<\/div>\n\t\t\t\t<div class=\"elementor-column elementor-col-50 elementor-top-column elementor-element elementor-element-522b193\" data-id=\"522b193\" data-element_type=\"column\">\n\t\t\t<div class=\"elementor-widget-wrap elementor-element-populated\">\n\t\t\t\t\t\t<div class=\"elementor-element elementor-element-a39c2e3 elementor-widget elementor-widget-heading\" data-id=\"a39c2e3\" data-element_type=\"widget\" data-widget_type=\"heading.default\">\n\t\t\t\t<div class=\"elementor-widget-container\">\n\t\t\t<h2 class=\"elementor-heading-title elementor-size-default\">\u00c7mime speciale akomodimi me qira t\u00eb sallave tona t\u00eb konferencave<\/h2>\t\t<\/div>\n\t\t\t\t<\/div>\n\t\t\t\t<div class=\"elementor-element elementor-element-676492b elementor-widget elementor-widget-text-editor\" data-id=\"676492b\" data-element_type=\"widget\" data-widget_type=\"text-editor.default\">\n\t\t\t\t<div class=\"elementor-widget-container\">\n\t\t\t<style>\/*! elementor - v3.21.0 - 26-05-2024 *\/\n.elementor-widget-text-editor.elementor-drop-cap-view-stacked .elementor-drop-cap{background-color:#69727d;color:#fff}.elementor-widget-text-editor.elementor-drop-cap-view-framed .elementor-drop-cap{color:#69727d;border:3px solid;background-color:transparent}.elementor-widget-text-editor:not(.elementor-drop-cap-view-default) .elementor-drop-cap{margin-top:8px}.elementor-widget-text-editor:not(.elementor-drop-cap-view-default) .elementor-drop-cap-letter{width:1em;height:1em}.elementor-widget-text-editor .elementor-drop-cap{float:left;text-align:center;line-height:1;font-size:50px}.elementor-widget-text-editor .elementor-drop-cap-letter{display:inline-block}<\/style>\t\t\t\t<p>Duke marr\u00eb me qira ambientet p\u00ebr seminaret dhe eventet tuaja, ka nj\u00eb <strong>zbritje<\/strong> t\u00eb ve\u00e7ant\u00eb n\u00eb \u00e7mimet e dhomave. Na besoni, q\u00eb \u00e7do p\u00ebrpjekje e juaja profesionale t\u00eb <strong>kuror\u00ebzohet <\/strong> me sukses.<\/p>\n\t\t\t\t\t\t<\/div>\n\t\t\t\t<\/div>\n\t\t\t\t\t<\/div>\n\t\t<\/div>\n\t\t\t\t\t<\/div>\n\t\t<\/section>\n\t\t\t\t<section class=\"elementor-section elementor-top-section elementor-element elementor-element-153030c elementor-section-boxed elementor-section-height-default elementor-section-height-default\" data-id=\"153030c\" data-element_type=\"section\">\n\t\t\t\t\t\t<div class=\"elementor-container elementor-column-gap-default\">\n\t\t\t\t\t<div class=\"elementor-column elementor-col-50 elementor-top-column elementor-element elementor-element-459ac59\" data-id=\"459ac59\" data-element_type=\"column\">\n\t\t\t<div class=\"elementor-widget-wrap elementor-element-populated\">\n\t\t\t\t\t\t<div class=\"elementor-element elementor-element-973e5d8 elementor-widget elementor-widget-image\" data-id=\"973e5d8\" data-element_type=\"widget\" data-widget_type=\"image.default\">\n\t\t\t\t<div class=\"elementor-widget-container\">\n\t\t\t\t\t\t\t\t\t\t\t\t\t<img decoding=\"async\" width=\"1600\" height=\"650\" src=\"https:\/\/hotelolymp.gr\/wp-content\/uploads\/2024\/05\/hotel-olympic-ioannina-rooms.jpg\" class=\"attachment-full size-full wp-image-36\" alt=\"\" srcset=\"https:\/\/hotelolymp.gr\/wp-content\/uploads\/2024\/05\/hotel-olympic-ioannina-rooms.jpg 1600w, https:\/\/hotelolymp.gr\/wp-content\/uploads\/2024\/05\/hotel-olympic-ioannina-rooms-300x122.jpg 300w, https:\/\/hotelolymp.gr\/wp-content\/uploads\/2024\/05\/hotel-olympic-ioannina-rooms-1024x416.jpg 1024w, https:\/\/hotelolymp.gr\/wp-content\/uploads\/2024\/05\/hotel-olympic-ioannina-rooms-768x312.jpg 768w, https:\/\/hotelolymp.gr\/wp-content\/uploads\/2024\/05\/hotel-olympic-ioannina-rooms-1536x624.jpg 1536w\" sizes=\"(max-width: 1600px) 100vw, 1600px\" \/>\t\t\t\t\t\t\t\t\t\t\t\t\t<\/div>\n\t\t\t\t<\/div>\n\t\t\t\t\t<\/div>\n\t\t<\/div>\n\t\t\t\t<div class=\"elementor-column elementor-col-50 elementor-top-column elementor-element elementor-element-c7119e2\" data-id=\"c7119e2\" data-element_type=\"column\">\n\t\t\t<div class=\"elementor-widget-wrap elementor-element-populated\">\n\t\t\t\t\t\t<div class=\"elementor-element elementor-element-d617170 elementor-widget elementor-widget-heading\" data-id=\"d617170\" data-element_type=\"widget\" data-widget_type=\"heading.default\">\n\t\t\t\t<div class=\"elementor-widget-container\">\n\t\t\t<h2 class=\"elementor-heading-title elementor-size-default\">Check Out von\u00eb<\/h2>\t\t<\/div>\n\t\t\t\t<\/div>\n\t\t\t\t<div class=\"elementor-element elementor-element-717c94c elementor-widget elementor-widget-text-editor\" data-id=\"717c94c\" data-element_type=\"widget\" data-widget_type=\"text-editor.default\">\n\t\t\t\t<div class=\"elementor-widget-container\">\n\t\t\t\t\t\t\t<p>M\u00eb n\u00eb fund, ju keni mund\u00ebsin\u00eb t\u00eb b\u00ebni nj\u00eb dalje t\u00eb pakt\u00ebn nj\u00eb or\u00eb e <strong>gjysm\u00eb <\/strong> m\u00eb von\u00eb se ajo e planifikuar N\u00eb m\u00ebnyr\u00eb q\u00eb t\u00eb mos shqet\u00ebsoheni dhe t\u00eb shijoni q\u00ebndrimin apo aktivitetet tuaja, ne kujdesemi q\u00eb t\u00eb mos ket\u00eb pages\u00eb p\u00ebr koh\u00ebn e nisjes. Ndjehu si n\u00eb sht\u00ebpi.<\/p>\n\t\t\t\t\t\t<\/div>\n\t\t\t\t<\/div>\n\t\t\t\t\t<\/div>\n\t\t<\/div>\n\t\t\t\t\t<\/div>\n\t\t<\/section>\n\t\t\t\t<section class=\"elementor-section elementor-top-section elementor-element elementor-element-3f7a15f elementor-section-boxed elementor-section-height-default elementor-section-height-default\" data-id=\"3f7a15f\" data-element_type=\"section\">\n\t\t\t\t\t\t<div class=\"elementor-container elementor-column-gap-default\">\n\t\t\t\t\t<div class=\"elementor-column elementor-col-33 elementor-top-column elementor-element elementor-element-7917c04\" data-id=\"7917c04\" data-element_type=\"column\">\n\t\t\t<div class=\"elementor-widget-wrap elementor-element-populated\">\n\t\t\t\t\t\t<div class=\"elementor-element elementor-element-9363f7a elementor-align-center elementor-widget elementor-widget-button\" data-id=\"9363f7a\" data-element_type=\"widget\" data-widget_type=\"button.default\">\n\t\t\t\t<div class=\"elementor-widget-container\">\n\t\t\t\t\t<div class=\"elementor-button-wrapper\">\n\t\t\t<a class=\"elementor-button elementor-button-link elementor-size-sm\" href=\"https:\/\/hotelolymp.gr\/sq\/takime-ngjarje\/\">\n\t\t\t\t\t\t<span class=\"elementor-button-content-wrapper\">\n\t\t\t\t\t\t\t\t\t<span class=\"elementor-button-text\">Organizoni ngjarjen tuaj<\/span>\n\t\t\t\t\t<\/span>\n\t\t\t\t\t<\/a>\n\t\t<\/div>\n\t\t\t\t<\/div>\n\t\t\t\t<\/div>\n\t\t\t\t\t<\/div>\n\t\t<\/div>\n\t\t\t\t<div class=\"elementor-column elementor-col-33 elementor-top-column elementor-element elementor-element-f2e5041\" data-id=\"f2e5041\" data-element_type=\"column\">\n\t\t\t<div class=\"elementor-widget-wrap elementor-element-populated\">\n\t\t\t\t\t\t<div class=\"elementor-element elementor-element-fb39dd9 elementor-align-center elementor-widget elementor-widget-button\" data-id=\"fb39dd9\" data-element_type=\"widget\" data-widget_type=\"button.default\">\n\t\t\t\t<div class=\"elementor-widget-container\">\n\t\t\t\t\t<div class=\"elementor-button-wrapper\">\n\t\t\t<a class=\"elementor-button elementor-button-link elementor-size-sm\" href=\"https:\/\/hotelolymp.gr\/sq\/vendet-per-te-pare\/\">\n\t\t\t\t\t\t<span class=\"elementor-button-content-wrapper\">\n\t\t\t\t\t\t\t\t\t<span class=\"elementor-button-text\">Vendet p\u00ebr t\u00eb par\u00eb<\/span>\n\t\t\t\t\t<\/span>\n\t\t\t\t\t<\/a>\n\t\t<\/div>\n\t\t\t\t<\/div>\n\t\t\t\t<\/div>\n\t\t\t\t\t<\/div>\n\t\t<\/div>\n\t\t\t\t<div class=\"elementor-column elementor-col-33 elementor-top-column elementor-element elementor-element-3cfe065\" data-id=\"3cfe065\" data-element_type=\"column\">\n\t\t\t<div class=\"elementor-widget-wrap elementor-element-populated\">\n\t\t\t\t\t\t<div class=\"elementor-element elementor-element-a0adb1b elementor-align-center elementor-widget elementor-widget-button\" data-id=\"a0adb1b\" data-element_type=\"widget\" data-widget_type=\"button.default\">\n\t\t\t\t<div class=\"elementor-widget-container\">\n\t\t\t\t\t<div class=\"elementor-button-wrapper\">\n\t\t\t<a class=\"elementor-button elementor-button-link elementor-size-sm\" href=\"https:\/\/hotelolymp.gr\/sq\/gjithcka-rreth-nesh\/\">\n\t\t\t\t\t\t<span class=\"elementor-button-content-wrapper\">\n\t\t\t\t\t\t\t\t\t<span class=\"elementor-button-text\">Gjith\u00e7ka rreth nesh<\/span>\n\t\t\t\t\t<\/span>\n\t\t\t\t\t<\/a>\n\t\t<\/div>\n\t\t\t\t<\/div>\n\t\t\t\t<\/div>\n\t\t\t\t\t<\/div>\n\t\t<\/div>\n\t\t\t\t\t<\/div>\n\t\t<\/section>\n\t\t\t\t<\/div>\n\t\t","protected":false},"excerpt":{"rendered":"<p>N\u00eb Hotel Olympic krijojm\u00eb kushtet dhe ofertat m\u00eb t\u00eb miraoferta speciale p\u00ebr profesionist\u00ebt. \u00c7mime speciale akomodimi me qira t\u00eb sallave tona t\u00eb konferencave Duke marr\u00eb me qira ambientet p\u00ebr seminaret dhe eventet tuaja, ka nj\u00eb zbritje t\u00eb ve\u00e7ant\u00eb n\u00eb \u00e7mimet e dhomave. Na besoni, q\u00eb \u00e7do p\u00ebrpjekje e juaja profesionale t\u00eb kuror\u00ebzohet me sukses. Check [&hellip;]<\/p>\n","protected":false},"author":1,"featured_media":0,"parent":0,"menu_order":0,"comment_status":"closed","ping_status":"closed","template":"","meta":{"footnotes":""},"class_list":["post-1748","page","type-page","status-publish","hentry"],"_links":{"self":[{"href":"https:\/\/hotelolymp.gr\/sq\/wp-json\/wp\/v2\/pages\/1748","targetHints":{"allow":["GET"]}}],"collection":[{"href":"https:\/\/hotelolymp.gr\/sq\/wp-json\/wp\/v2\/pages"}],"about":[{"href":"https:\/\/hotelolymp.gr\/sq\/wp-json\/wp\/v2\/types\/page"}],"author":[{"embeddable":true,"href":"https:\/\/hotelolymp.gr\/sq\/wp-json\/wp\/v2\/users\/1"}],"replies":[{"embeddable":true,"href":"https:\/\/hotelolymp.gr\/sq\/wp-json\/wp\/v2\/comments?post=1748"}],"version-history":[{"count":3,"href":"https:\/\/hotelolymp.gr\/sq\/wp-json\/wp\/v2\/pages\/1748\/revisions"}],"predecessor-version":[{"id":2382,"href":"https:\/\/hotelolymp.gr\/sq\/wp-json\/wp\/v2\/pages\/1748\/revisions\/2382"}],"wp:attachment":[{"href":"https:\/\/hotelolymp.gr\/sq\/wp-json\/wp\/v2\/media?parent=1748"}],"curies":[{"name":"wp","href":"https:\/\/api.w.org\/{rel}","templated":true}]}}