{"id":1739,"date":"2024-05-28T09:34:14","date_gmt":"2024-05-28T09:34:14","guid":{"rendered":"https:\/\/new.hotelolymp.gr\/si-do-te-arrini-atje\/"},"modified":"2024-05-31T13:11:37","modified_gmt":"2024-05-31T13:11:37","slug":"si-do-te-arrini-atje","status":"publish","type":"page","link":"https:\/\/hotelolymp.gr\/sq\/si-do-te-arrini-atje\/","title":{"rendered":"Si do t\u00eb arrini atje?"},"content":{"rendered":"\t\t<div data-elementor-type=\"wp-page\" data-elementor-id=\"1739\" class=\"elementor elementor-1739 elementor-531\" data-elementor-post-type=\"page\">\n\t\t\t\t\t\t<section class=\"elementor-section elementor-top-section elementor-element elementor-element-22c0b07 elementor-section-height-min-height elementor-section-full_width elementor-section-height-default elementor-section-items-middle\" data-id=\"22c0b07\" data-element_type=\"section\" data-settings=\"{&quot;background_background&quot;:&quot;classic&quot;}\">\n\t\t\t\t\t\t<div class=\"elementor-container elementor-column-gap-default\">\n\t\t\t\t\t<div class=\"elementor-column elementor-col-100 elementor-top-column elementor-element elementor-element-8765363\" data-id=\"8765363\" data-element_type=\"column\">\n\t\t\t<div class=\"elementor-widget-wrap elementor-element-populated\">\n\t\t\t\t\t\t\t<\/div>\n\t\t<\/div>\n\t\t\t\t\t<\/div>\n\t\t<\/section>\n\t\t\t\t<section class=\"elementor-section elementor-top-section elementor-element elementor-element-7e26e82 elementor-section-boxed elementor-section-height-default elementor-section-height-default\" data-id=\"7e26e82\" data-element_type=\"section\">\n\t\t\t\t\t\t<div class=\"elementor-container elementor-column-gap-default\">\n\t\t\t\t\t<div class=\"elementor-column elementor-col-50 elementor-top-column elementor-element elementor-element-a947344\" data-id=\"a947344\" data-element_type=\"column\">\n\t\t\t<div class=\"elementor-widget-wrap elementor-element-populated\">\n\t\t\t\t\t\t<div class=\"elementor-element elementor-element-350b3d2 elementor-widget elementor-widget-heading\" data-id=\"350b3d2\" data-element_type=\"widget\" data-widget_type=\"heading.default\">\n\t\t\t\t<div class=\"elementor-widget-container\">\n\t\t\t<style>\/*! elementor - v3.21.0 - 26-05-2024 *\/\n.elementor-heading-title{padding:0;margin:0;line-height:1}.elementor-widget-heading .elementor-heading-title[class*=elementor-size-]>a{color:inherit;font-size:inherit;line-height:inherit}.elementor-widget-heading .elementor-heading-title.elementor-size-small{font-size:15px}.elementor-widget-heading .elementor-heading-title.elementor-size-medium{font-size:19px}.elementor-widget-heading .elementor-heading-title.elementor-size-large{font-size:29px}.elementor-widget-heading .elementor-heading-title.elementor-size-xl{font-size:39px}.elementor-widget-heading .elementor-heading-title.elementor-size-xxl{font-size:59px}<\/style><h2 class=\"elementor-heading-title elementor-size-default\">Nga Athina<\/h2>\t\t<\/div>\n\t\t\t\t<\/div>\n\t\t\t\t<div class=\"elementor-element elementor-element-bfe92c3 elementor-widget elementor-widget-image\" data-id=\"bfe92c3\" data-element_type=\"widget\" data-widget_type=\"image.default\">\n\t\t\t\t<div class=\"elementor-widget-container\">\n\t\t\t<style>\/*! elementor - v3.21.0 - 26-05-2024 *\/\n.elementor-widget-image{text-align:center}.elementor-widget-image a{display:inline-block}.elementor-widget-image a img[src$=\".svg\"]{width:48px}.elementor-widget-image img{vertical-align:middle;display:inline-block}<\/style>\t\t\t\t\t\t\t\t\t\t<img fetchpriority=\"high\" decoding=\"async\" width=\"555\" height=\"493\" src=\"https:\/\/hotelolymp.gr\/wp-content\/uploads\/2024\/05\/apoathina.jpg\" class=\"attachment-full size-full wp-image-586\" alt=\"\" srcset=\"https:\/\/hotelolymp.gr\/wp-content\/uploads\/2024\/05\/apoathina.jpg 555w, https:\/\/hotelolymp.gr\/wp-content\/uploads\/2024\/05\/apoathina-300x266.jpg 300w\" sizes=\"(max-width: 555px) 100vw, 555px\" \/>\t\t\t\t\t\t\t\t\t\t\t\t\t<\/div>\n\t\t\t\t<\/div>\n\t\t\t\t\t<\/div>\n\t\t<\/div>\n\t\t\t\t<div class=\"elementor-column elementor-col-50 elementor-top-column elementor-element elementor-element-6d2b3b3\" data-id=\"6d2b3b3\" data-element_type=\"column\">\n\t\t\t<div class=\"elementor-widget-wrap elementor-element-populated\">\n\t\t\t\t\t\t<div class=\"elementor-element elementor-element-ffb5b49 elementor-widget elementor-widget-heading\" data-id=\"ffb5b49\" data-element_type=\"widget\" data-widget_type=\"heading.default\">\n\t\t\t\t<div class=\"elementor-widget-container\">\n\t\t\t<h2 class=\"elementor-heading-title elementor-size-default\">Nga Selaniku<\/h2>\t\t<\/div>\n\t\t\t\t<\/div>\n\t\t\t\t<div class=\"elementor-element elementor-element-71ac9cb elementor-widget elementor-widget-image\" data-id=\"71ac9cb\" data-element_type=\"widget\" data-widget_type=\"image.default\">\n\t\t\t\t<div class=\"elementor-widget-container\">\n\t\t\t\t\t\t\t\t\t\t\t\t\t<img decoding=\"async\" width=\"555\" height=\"493\" src=\"https:\/\/hotelolymp.gr\/wp-content\/uploads\/2024\/05\/apothessal.jpg\" class=\"attachment-full size-full wp-image-587\" alt=\"\" srcset=\"https:\/\/hotelolymp.gr\/wp-content\/uploads\/2024\/05\/apothessal.jpg 555w, https:\/\/hotelolymp.gr\/wp-content\/uploads\/2024\/05\/apothessal-300x266.jpg 300w\" sizes=\"(max-width: 555px) 100vw, 555px\" \/>\t\t\t\t\t\t\t\t\t\t\t\t\t<\/div>\n\t\t\t\t<\/div>\n\t\t\t\t\t<\/div>\n\t\t<\/div>\n\t\t\t\t\t<\/div>\n\t\t<\/section>\n\t\t\t\t<section class=\"elementor-section elementor-top-section elementor-element elementor-element-190e467 elementor-section-boxed elementor-section-height-default elementor-section-height-default\" data-id=\"190e467\" data-element_type=\"section\">\n\t\t\t\t\t\t<div class=\"elementor-container elementor-column-gap-default\">\n\t\t\t\t\t<div class=\"elementor-column elementor-col-100 elementor-top-column elementor-element elementor-element-562a395\" data-id=\"562a395\" data-element_type=\"column\">\n\t\t\t<div class=\"elementor-widget-wrap elementor-element-populated\">\n\t\t\t\t\t\t<div class=\"elementor-element elementor-element-30d163b elementor-widget elementor-widget-text-editor\" data-id=\"30d163b\" data-element_type=\"widget\" data-widget_type=\"text-editor.default\">\n\t\t\t\t<div class=\"elementor-widget-container\">\n\t\t\t<style>\/*! elementor - v3.21.0 - 26-05-2024 *\/\n.elementor-widget-text-editor.elementor-drop-cap-view-stacked .elementor-drop-cap{background-color:#69727d;color:#fff}.elementor-widget-text-editor.elementor-drop-cap-view-framed .elementor-drop-cap{color:#69727d;border:3px solid;background-color:transparent}.elementor-widget-text-editor:not(.elementor-drop-cap-view-default) .elementor-drop-cap{margin-top:8px}.elementor-widget-text-editor:not(.elementor-drop-cap-view-default) .elementor-drop-cap-letter{width:1em;height:1em}.elementor-widget-text-editor .elementor-drop-cap{float:left;text-align:center;line-height:1;font-size:50px}.elementor-widget-text-editor .elementor-drop-cap-letter{display:inline-block}<\/style>\t\t\t\t<p><span style=\"text-decoration: underline;\"><strong>Me makin\u00eb<\/strong><\/span><\/p>\n<ul>\n<li>Distanca nga Athina \u00ebsht\u00eb 415 km n\u00ebp\u00ebrmjet ur\u00ebs Rio-Antirio, e cila \u00ebsht\u00eb edhe rruga m\u00eb e shkurt\u00ebr. Me nj\u00eb shpejt\u00ebsi mesatare, koha e udh\u00ebtimit \u00ebsht\u00eb rreth 5 or\u00eb.<\/li>\n<li>Distanca nga Selaniku \u00ebsht\u00eb 260 km n\u00ebp\u00ebrmjet Egnatia. Me nj\u00eb shpejt\u00ebsi mesatare, koh\u00ebzgjatja e udh\u00ebtimit \u00ebsht\u00eb rreth 2 or\u00eb.<\/li>\n<li>P\u00ebr ju q\u00eb do vini nga italia n\u00ebp\u00ebrmjet Igumenic\u00ebs distanca nga porti \u00ebsht\u00eb 70km.<\/li>\n<li>P\u00ebr ju q\u00eb do vini nga Kostoria n\u00ebp\u00ebrmjet Konic\u00ebs distanca \u00ebsht\u00eb 221km.<\/li>\n<\/ul>\n<p><span style=\"text-decoration: underline;\"><strong>Me autobus<\/strong><\/span><br \/>P\u00ebr sa nga ju do vendosni t\u00eb vini n\u00eb Janin\u00eb me autobus t\u00eb agjencive t\u00eb ndryshme kini parasysh se me shum\u00eb qytete ka linja mjaft t\u00eb shpeshta me autobuza lux t\u00eb teknologjis\u00eb s\u00eb fundit.<\/p>\n<ul>\n<li>Nga Athina n\u00eb Janin\u00eb, dhe anasjelltas, ka af\u00ebrsisht dhjet\u00eb linja autobus\u00ebsh t\u00eb KTEL-it n\u00eb dit\u00eb.<\/li>\n<li>Distanca \u00ebsht\u00eb 415 km dhe koha e udh\u00ebtimit \u00ebsht\u00eb rreth 6 or\u00eb.<\/li>\n<li>Nga Selaniku n\u00eb Janin\u00eb dhe anasjelltas ka 4 linja ditore gjat\u00eb stin\u00ebs s\u00eb dimrit dhe 6 gjat\u00eb stin\u00ebs s\u00eb ver\u00ebs. Distanca \u00ebsht\u00eb 260 km dhe koha e udh\u00ebtimit \u00ebsht\u00eb rreth 4 or\u00eb.<\/li>\n<li>Ka linja ditore p\u00ebr dhe nga Arta (10), Igumenica (9), Preveza (10), Patra (3), Agrinio (6), Larisa, Volos, etj.\n<\/li>\n<\/ul>\n<p><strong>Kontaktii me Agjencin\u00eb e autobuzave t\u00eb Janin\u00ebs<\/strong>: (26510) 26286<\/p>\n<p><span style=\"text-decoration: underline;\"><strong>Me aeroplan<\/strong><\/span><br \/>P\u00ebr udh\u00ebtime me avion nga Athina n\u00eb qytetin e Janin\u00ebs, ka 2 deri n\u00eb 4 fluturime n\u00eb dit\u00eb me Olympic Airlines dhe Aegean Airlines. Koh\u00ebzgjatja e fluturimit \u00ebsht\u00eb 55 minuta.<br \/><strong>Per me shume informacion kontaktoni<\/strong>: (25610) 26218, 23120<\/p>\n\t\t\t\t\t\t<\/div>\n\t\t\t\t<\/div>\n\t\t\t\t<section class=\"elementor-section elementor-inner-section elementor-element elementor-element-0dbd227 elementor-section-boxed elementor-section-height-default elementor-section-height-default\" data-id=\"0dbd227\" data-element_type=\"section\">\n\t\t\t\t\t\t<div class=\"elementor-container elementor-column-gap-default\">\n\t\t\t\t\t<div class=\"elementor-column elementor-col-50 elementor-inner-column elementor-element elementor-element-212dd0c\" data-id=\"212dd0c\" data-element_type=\"column\">\n\t\t\t<div class=\"elementor-widget-wrap elementor-element-populated\">\n\t\t\t\t\t\t<div class=\"elementor-element elementor-element-eaf4b5b elementor-align-center elementor-widget elementor-widget-button\" data-id=\"eaf4b5b\" data-element_type=\"widget\" data-widget_type=\"button.default\">\n\t\t\t\t<div class=\"elementor-widget-container\">\n\t\t\t\t\t<div class=\"elementor-button-wrapper\">\n\t\t\t<a class=\"elementor-button elementor-button-link elementor-size-sm\" href=\"https:\/\/hotelolymp.gr\/sq\/akomodimi\/\">\n\t\t\t\t\t\t<span class=\"elementor-button-content-wrapper\">\n\t\t\t\t\t\t\t\t\t<span class=\"elementor-button-text\">Shihni dhomat tona<\/span>\n\t\t\t\t\t<\/span>\n\t\t\t\t\t<\/a>\n\t\t<\/div>\n\t\t\t\t<\/div>\n\t\t\t\t<\/div>\n\t\t\t\t\t<\/div>\n\t\t<\/div>\n\t\t\t\t<div class=\"elementor-column elementor-col-50 elementor-inner-column elementor-element elementor-element-6c38486\" data-id=\"6c38486\" data-element_type=\"column\">\n\t\t\t<div class=\"elementor-widget-wrap elementor-element-populated\">\n\t\t\t\t\t\t<div class=\"elementor-element elementor-element-0081a9a elementor-align-center elementor-widget elementor-widget-button\" data-id=\"0081a9a\" data-element_type=\"widget\" data-widget_type=\"button.default\">\n\t\t\t\t<div class=\"elementor-widget-container\">\n\t\t\t\t\t<div class=\"elementor-button-wrapper\">\n\t\t\t<a class=\"elementor-button elementor-button-link elementor-size-sm\" href=\"https:\/\/hotelolymp.gr\/sq\/ekskursione\/\">\n\t\t\t\t\t\t<span class=\"elementor-button-content-wrapper\">\n\t\t\t\t\t\t\t\t\t<span class=\"elementor-button-text\">Udh\u00ebtime nj\u00ebditore n\u00eb zonat e af\u00ebrta<\/span>\n\t\t\t\t\t<\/span>\n\t\t\t\t\t<\/a>\n\t\t<\/div>\n\t\t\t\t<\/div>\n\t\t\t\t<\/div>\n\t\t\t\t\t<\/div>\n\t\t<\/div>\n\t\t\t\t\t<\/div>\n\t\t<\/section>\n\t\t\t\t\t<\/div>\n\t\t<\/div>\n\t\t\t\t\t<\/div>\n\t\t<\/section>\n\t\t\t\t<\/div>\n\t\t","protected":false},"excerpt":{"rendered":"<p>Nga Athina Nga Selaniku Me makin\u00eb Distanca nga Athina \u00ebsht\u00eb 415 km n\u00ebp\u00ebrmjet ur\u00ebs Rio-Antirio, e cila \u00ebsht\u00eb edhe rruga m\u00eb e shkurt\u00ebr. Me nj\u00eb shpejt\u00ebsi mesatare, koha e udh\u00ebtimit \u00ebsht\u00eb rreth 5 or\u00eb. Distanca nga Selaniku \u00ebsht\u00eb 260 km n\u00ebp\u00ebrmjet Egnatia. Me nj\u00eb shpejt\u00ebsi mesatare, koh\u00ebzgjatja e udh\u00ebtimit \u00ebsht\u00eb rreth 2 or\u00eb. P\u00ebr ju [&hellip;]<\/p>\n","protected":false},"author":1,"featured_media":0,"parent":0,"menu_order":0,"comment_status":"closed","ping_status":"closed","template":"","meta":{"footnotes":""},"class_list":["post-1739","page","type-page","status-publish","hentry"],"_links":{"self":[{"href":"https:\/\/hotelolymp.gr\/sq\/wp-json\/wp\/v2\/pages\/1739","targetHints":{"allow":["GET"]}}],"collection":[{"href":"https:\/\/hotelolymp.gr\/sq\/wp-json\/wp\/v2\/pages"}],"about":[{"href":"https:\/\/hotelolymp.gr\/sq\/wp-json\/wp\/v2\/types\/page"}],"author":[{"embeddable":true,"href":"https:\/\/hotelolymp.gr\/sq\/wp-json\/wp\/v2\/users\/1"}],"replies":[{"embeddable":true,"href":"https:\/\/hotelolymp.gr\/sq\/wp-json\/wp\/v2\/comments?post=1739"}],"version-history":[{"count":1,"href":"https:\/\/hotelolymp.gr\/sq\/wp-json\/wp\/v2\/pages\/1739\/revisions"}],"predecessor-version":[{"id":1740,"href":"https:\/\/hotelolymp.gr\/sq\/wp-json\/wp\/v2\/pages\/1739\/revisions\/1740"}],"wp:attachment":[{"href":"https:\/\/hotelolymp.gr\/sq\/wp-json\/wp\/v2\/media?parent=1739"}],"curies":[{"name":"wp","href":"https:\/\/api.w.org\/{rel}","templated":true}]}}